{"id":137,"date":"2025-05-17T17:58:18","date_gmt":"2025-05-17T14:58:18","guid":{"rendered":"https:\/\/www.helmikajaste.fi\/?page_id=137"},"modified":"2026-02-03T08:09:02","modified_gmt":"2026-02-03T06:09:02","slug":"aani-sound","status":"publish","type":"page","link":"https:\/\/www.helmikajaste.fi\/?page_id=137","title":{"rendered":"\u00c4\u00e4ni\/Sound"},"content":{"rendered":"\n<p class=\"has-large-font-size\"><strong>Musiikki \/ Music<\/strong><\/p>\n\n\n\n<p class=\"has-medium-font-size\"><br><strong>Draama-Helmi<\/strong><\/p>\n\n\n\n<p class=\"has-medium-font-size\"><a href=\"http:\/\/draama-helmi.bandcamp.com\">draama-helmi.bandcamp.com<\/a><\/p>\n\n\n\n<figure class=\"wp-block-gallery has-nested-images columns-default is-cropped wp-block-gallery-1 is-layout-flex wp-block-gallery-is-layout-flex\">\n<figure class=\"wp-block-image size-large\"><img loading=\"lazy\" decoding=\"async\" width=\"1024\" height=\"1008\" data-id=\"197\" src=\"https:\/\/www.helmikajaste.fi\/wp-content\/uploads\/2025\/05\/erehdys-1024x1008.jpg\" alt=\"\" class=\"wp-image-197\" srcset=\"https:\/\/www.helmikajaste.fi\/wp-content\/uploads\/2025\/05\/erehdys-1024x1008.jpg 1024w, https:\/\/www.helmikajaste.fi\/wp-content\/uploads\/2025\/05\/erehdys-300x295.jpg 300w, https:\/\/www.helmikajaste.fi\/wp-content\/uploads\/2025\/05\/erehdys-768x756.jpg 768w, https:\/\/www.helmikajaste.fi\/wp-content\/uploads\/2025\/05\/erehdys.jpg 1200w\" sizes=\"auto, (max-width: 1024px) 100vw, 1024px\" \/><\/figure>\n\n\n\n<figure class=\"wp-block-image size-large\"><img loading=\"lazy\" decoding=\"async\" width=\"1024\" height=\"1024\" data-id=\"198\" src=\"https:\/\/www.helmikajaste.fi\/wp-content\/uploads\/2025\/05\/ihmisten-1024x1024.jpg\" alt=\"\" class=\"wp-image-198\" srcset=\"https:\/\/www.helmikajaste.fi\/wp-content\/uploads\/2025\/05\/ihmisten-1024x1024.jpg 1024w, https:\/\/www.helmikajaste.fi\/wp-content\/uploads\/2025\/05\/ihmisten-300x300.jpg 300w, https:\/\/www.helmikajaste.fi\/wp-content\/uploads\/2025\/05\/ihmisten-150x150.jpg 150w, https:\/\/www.helmikajaste.fi\/wp-content\/uploads\/2025\/05\/ihmisten-768x768.jpg 768w, https:\/\/www.helmikajaste.fi\/wp-content\/uploads\/2025\/05\/ihmisten.jpg 1200w\" sizes=\"auto, (max-width: 1024px) 100vw, 1024px\" \/><\/figure>\n\n\n\n<figure class=\"wp-block-image size-large\"><img loading=\"lazy\" decoding=\"async\" width=\"1024\" height=\"1024\" data-id=\"199\" src=\"https:\/\/www.helmikajaste.fi\/wp-content\/uploads\/2025\/05\/kuistilla-1024x1024.jpg\" alt=\"\" class=\"wp-image-199\" srcset=\"https:\/\/www.helmikajaste.fi\/wp-content\/uploads\/2025\/05\/kuistilla-1024x1024.jpg 1024w, https:\/\/www.helmikajaste.fi\/wp-content\/uploads\/2025\/05\/kuistilla-300x300.jpg 300w, https:\/\/www.helmikajaste.fi\/wp-content\/uploads\/2025\/05\/kuistilla-150x150.jpg 150w, https:\/\/www.helmikajaste.fi\/wp-content\/uploads\/2025\/05\/kuistilla-768x768.jpg 768w, https:\/\/www.helmikajaste.fi\/wp-content\/uploads\/2025\/05\/kuistilla.jpg 1200w\" sizes=\"auto, (max-width: 1024px) 100vw, 1024px\" \/><\/figure>\n<\/figure>\n\n\n\n<p class=\"has-medium-font-size\"><br>Draama-Helmi: <em>Draama-Helmi kuistilla<\/em> (2022), LP: Helmi-Levyt<br>Draama-Helmi: <em>Draama-Helmi ihmisten ilmoilla<\/em> (2017), LP: omakustanne<br>Draama-Helmi: <em>Draama-Helmin erehdys<\/em> (2015), LP: Helmi-Levyt<\/p>\n\n\n\n<p class=\"has-medium-font-size\">Pakasteet ja Draama-Helmi: <em>Tyhj\u00e4 risteys<\/em> (2019), LP: Ektro Records<\/p>\n\n\n\n<p><\/p>\n\n\n\n<div style=\"height:30px\" aria-hidden=\"true\" class=\"wp-block-spacer\"><\/div>\n\n\n\n<p class=\"has-large-font-size\"><strong>\u00c4\u00e4ni-installaatiot \/ Sound installations<\/strong><\/p>\n\n\n\n<p class=\"has-medium-font-size\"><br><em>Siivousmusiikkia<\/em> (2024)<br>yhdess\u00e4 Petra Vallilan kanssa, osana n\u00e4yttely\u00e4 FIX: Huolla ja korjaa, Arkkitehtuurimuseo ja Designmuseo<br><\/p>\n\n\n\n<p class=\"has-medium-font-size\"><em>Nimet\u00f6n<\/em> (2020)<br>yhdess\u00e4 Joonas Sirenin kanssa, osa n\u00e4yttely\u00e4 Rakenna, k\u00e4rsi ja unhoita, Oksasenkatu 11 galleria<br><\/p>\n\n\n\n<p class=\"has-medium-font-size\"><em>Lifeless Becomes Alive \u2013 Architecture as a Character in Cinema<\/em> (2013)<br>Masters of Aalto lopputy\u00f6n\u00e4yttely<\/p>\n\n\n\n<figure class=\"wp-block-gallery has-nested-images columns-default is-cropped wp-block-gallery-2 is-layout-flex wp-block-gallery-is-layout-flex\">\n<figure class=\"wp-block-image size-large\"><img loading=\"lazy\" decoding=\"async\" width=\"1024\" height=\"683\" data-id=\"212\" src=\"https:\/\/www.helmikajaste.fi\/wp-content\/uploads\/2025\/05\/Siivousmusiikkia_paavo-lehtonen-1024x683.jpg\" alt=\"\" class=\"wp-image-212\" srcset=\"https:\/\/www.helmikajaste.fi\/wp-content\/uploads\/2025\/05\/Siivousmusiikkia_paavo-lehtonen-1024x683.jpg 1024w, https:\/\/www.helmikajaste.fi\/wp-content\/uploads\/2025\/05\/Siivousmusiikkia_paavo-lehtonen-300x200.jpg 300w, https:\/\/www.helmikajaste.fi\/wp-content\/uploads\/2025\/05\/Siivousmusiikkia_paavo-lehtonen-768x512.jpg 768w, https:\/\/www.helmikajaste.fi\/wp-content\/uploads\/2025\/05\/Siivousmusiikkia_paavo-lehtonen-1536x1025.jpg 1536w, https:\/\/www.helmikajaste.fi\/wp-content\/uploads\/2025\/05\/Siivousmusiikkia_paavo-lehtonen-2048x1366.jpg 2048w\" sizes=\"auto, (max-width: 1024px) 100vw, 1024px\" \/><\/figure>\n\n\n\n<figure class=\"wp-block-image size-large\"><img loading=\"lazy\" decoding=\"async\" width=\"1024\" height=\"573\" data-id=\"211\" src=\"https:\/\/www.helmikajaste.fi\/wp-content\/uploads\/2025\/05\/oksasenkatu-1024x573.jpg\" alt=\"\" class=\"wp-image-211\" srcset=\"https:\/\/www.helmikajaste.fi\/wp-content\/uploads\/2025\/05\/oksasenkatu-1024x573.jpg 1024w, https:\/\/www.helmikajaste.fi\/wp-content\/uploads\/2025\/05\/oksasenkatu-300x168.jpg 300w, https:\/\/www.helmikajaste.fi\/wp-content\/uploads\/2025\/05\/oksasenkatu-768x430.jpg 768w, https:\/\/www.helmikajaste.fi\/wp-content\/uploads\/2025\/05\/oksasenkatu-1536x860.jpg 1536w, https:\/\/www.helmikajaste.fi\/wp-content\/uploads\/2025\/05\/oksasenkatu-2048x1147.jpg 2048w\" sizes=\"auto, (max-width: 1024px) 100vw, 1024px\" \/><\/figure>\n<\/figure>\n\n\n\n<div style=\"height:30px\" aria-hidden=\"true\" class=\"wp-block-spacer\"><\/div>\n\n\n\n<p><\/p>\n\n\n\n<p class=\"has-large-font-size\"><strong>Podcast<\/strong><\/p>\n\n\n\n<p class=\"has-medium-font-size\"><br><em>Rakenna, k\u00e4rsi ja unhoita<\/em> (2020)<br>viisiosainen esseekirjaan pohjautuva podcast-sarja \/ five part podcast-series based on a book of essays<br><a href=\"https:\/\/soundcloud.com\/rakastakarsijaunhoita\">https:\/\/soundcloud.com\/rakastakarsijaunhoita<\/a><\/p>\n","protected":false},"excerpt":{"rendered":"<p>Musiikki \/ Music Draama-Helmi draama-helmi.bandcamp.com Draama-Helmi: Draama-Helmi kuistilla (2022), LP: Helmi-LevytDraama-Helmi: Draama-Helmi ihmisten ilmoilla (2017), LP: omakustanneDraama-Helmi: Draama-Helmin erehdys (2015), LP: Helmi-Levyt Pakasteet ja Draama-Helmi: Tyhj\u00e4 risteys (2019), LP: Ektro Records \u00c4\u00e4ni-installaatiot \/ Sound installations Siivousmusiikkia (2024)yhdess\u00e4 Petra Vallilan kanssa, osana n\u00e4yttely\u00e4 FIX: Huolla ja korjaa, Arkkitehtuurimuseo ja Designmuseo Nimet\u00f6n (2020)yhdess\u00e4 Joonas Sirenin kanssa, osa [&hellip;]<\/p>\n","protected":false},"author":1,"featured_media":0,"parent":0,"menu_order":0,"comment_status":"closed","ping_status":"closed","template":"","meta":{"_themeisle_gutenberg_block_has_review":false,"footnotes":""},"class_list":["post-137","page","type-page","status-publish","hentry"],"_links":{"self":[{"href":"https:\/\/www.helmikajaste.fi\/index.php?rest_route=\/wp\/v2\/pages\/137","targetHints":{"allow":["GET"]}}],"collection":[{"href":"https:\/\/www.helmikajaste.fi\/index.php?rest_route=\/wp\/v2\/pages"}],"about":[{"href":"https:\/\/www.helmikajaste.fi\/index.php?rest_route=\/wp\/v2\/types\/page"}],"author":[{"embeddable":true,"href":"https:\/\/www.helmikajaste.fi\/index.php?rest_route=\/wp\/v2\/users\/1"}],"replies":[{"embeddable":true,"href":"https:\/\/www.helmikajaste.fi\/index.php?rest_route=%2Fwp%2Fv2%2Fcomments&post=137"}],"version-history":[{"count":36,"href":"https:\/\/www.helmikajaste.fi\/index.php?rest_route=\/wp\/v2\/pages\/137\/revisions"}],"predecessor-version":[{"id":347,"href":"https:\/\/www.helmikajaste.fi\/index.php?rest_route=\/wp\/v2\/pages\/137\/revisions\/347"}],"wp:attachment":[{"href":"https:\/\/www.helmikajaste.fi\/index.php?rest_route=%2Fwp%2Fv2%2Fmedia&parent=137"}],"curies":[{"name":"wp","href":"https:\/\/api.w.org\/{rel}","templated":true}]}}