{"id":138,"date":"2025-05-17T18:17:07","date_gmt":"2025-05-17T15:17:07","guid":{"rendered":"https:\/\/www.helmikajaste.fi\/?page_id=138"},"modified":"2026-02-03T08:42:02","modified_gmt":"2026-02-03T06:42:02","slug":"kuva-image","status":"publish","type":"page","link":"https:\/\/www.helmikajaste.fi\/?page_id=138","title":{"rendered":"Kuva\/Image"},"content":{"rendered":"\n<p class=\"has-large-font-size\"><strong>Kuvituksia \/ Illustrations<\/strong><\/p>\n\n\n\n<figure class=\"wp-block-gallery has-nested-images columns-default is-cropped wp-block-gallery-1 is-layout-flex wp-block-gallery-is-layout-flex\">\n<figure class=\"wp-block-image size-large\"><img loading=\"lazy\" decoding=\"async\" width=\"1024\" height=\"594\" data-id=\"205\" src=\"https:\/\/www.helmikajaste.fi\/wp-content\/uploads\/2025\/05\/allthat-kopio-1-1024x594.jpg\" alt=\"\" class=\"wp-image-205\" srcset=\"https:\/\/www.helmikajaste.fi\/wp-content\/uploads\/2025\/05\/allthat-kopio-1-1024x594.jpg 1024w, https:\/\/www.helmikajaste.fi\/wp-content\/uploads\/2025\/05\/allthat-kopio-1-300x174.jpg 300w, https:\/\/www.helmikajaste.fi\/wp-content\/uploads\/2025\/05\/allthat-kopio-1-768x446.jpg 768w, https:\/\/www.helmikajaste.fi\/wp-content\/uploads\/2025\/05\/allthat-kopio-1-1536x891.jpg 1536w, https:\/\/www.helmikajaste.fi\/wp-content\/uploads\/2025\/05\/allthat-kopio-1-2048x1188.jpg 2048w\" sizes=\"auto, (max-width: 1024px) 100vw, 1024px\" \/><\/figure>\n\n\n\n<figure class=\"wp-block-image size-large\"><img loading=\"lazy\" decoding=\"async\" width=\"1024\" height=\"696\" data-id=\"204\" src=\"https:\/\/www.helmikajaste.fi\/wp-content\/uploads\/2025\/05\/glass-kopio-1024x696.jpg\" alt=\"\" class=\"wp-image-204\" srcset=\"https:\/\/www.helmikajaste.fi\/wp-content\/uploads\/2025\/05\/glass-kopio-1024x696.jpg 1024w, https:\/\/www.helmikajaste.fi\/wp-content\/uploads\/2025\/05\/glass-kopio-300x204.jpg 300w, https:\/\/www.helmikajaste.fi\/wp-content\/uploads\/2025\/05\/glass-kopio-768x522.jpg 768w, https:\/\/www.helmikajaste.fi\/wp-content\/uploads\/2025\/05\/glass-kopio-1536x1044.jpg 1536w, https:\/\/www.helmikajaste.fi\/wp-content\/uploads\/2025\/05\/glass-kopio-2048x1392.jpg 2048w\" sizes=\"auto, (max-width: 1024px) 100vw, 1024px\" \/><\/figure>\n<\/figure>\n\n\n\n<p class=\"has-medium-font-size\">V\u00e4it\u00f6skirja \/ Doctoral thesis<br><em>You see a lock anywhere? Elusive architectural boundaries of home detected through cinematic framings<\/em> (2025)<\/p>\n\n\n\n<p><\/p>\n\n\n\n<figure class=\"wp-block-image size-large\"><img loading=\"lazy\" decoding=\"async\" width=\"1024\" height=\"582\" src=\"https:\/\/www.helmikajaste.fi\/wp-content\/uploads\/2025\/05\/Sirk-6-1024x582.jpg\" alt=\"\n\" class=\"wp-image-206\" srcset=\"https:\/\/www.helmikajaste.fi\/wp-content\/uploads\/2025\/05\/Sirk-6-1024x582.jpg 1024w, https:\/\/www.helmikajaste.fi\/wp-content\/uploads\/2025\/05\/Sirk-6-300x170.jpg 300w, https:\/\/www.helmikajaste.fi\/wp-content\/uploads\/2025\/05\/Sirk-6-768x436.jpg 768w, https:\/\/www.helmikajaste.fi\/wp-content\/uploads\/2025\/05\/Sirk-6-1536x873.jpg 1536w, https:\/\/www.helmikajaste.fi\/wp-content\/uploads\/2025\/05\/Sirk-6-2048x1163.jpg 2048w\" sizes=\"auto, (max-width: 1024px) 100vw, 1024px\" \/><\/figure>\n\n\n\n<p class=\"has-medium-font-size\">Essee Filmihullu-lehdess\u00e4 \/ Essay in Filmihullu magazine<br><em>Kaikkialle levi\u00e4v\u00e4t v\u00e4rit <\/em>(12\/2024)<\/p>\n\n\n\n<p><\/p>\n\n\n\n<figure class=\"wp-block-gallery has-nested-images columns-default is-cropped wp-block-gallery-2 is-layout-flex wp-block-gallery-is-layout-flex\">\n<figure class=\"wp-block-image size-large\"><img loading=\"lazy\" decoding=\"async\" width=\"1024\" height=\"829\" data-id=\"207\" src=\"https:\/\/www.helmikajaste.fi\/wp-content\/uploads\/2025\/05\/kultakuume-1024x829.jpg\" alt=\"\" class=\"wp-image-207\" srcset=\"https:\/\/www.helmikajaste.fi\/wp-content\/uploads\/2025\/05\/kultakuume-1024x829.jpg 1024w, https:\/\/www.helmikajaste.fi\/wp-content\/uploads\/2025\/05\/kultakuume-300x243.jpg 300w, https:\/\/www.helmikajaste.fi\/wp-content\/uploads\/2025\/05\/kultakuume-768x622.jpg 768w, https:\/\/www.helmikajaste.fi\/wp-content\/uploads\/2025\/05\/kultakuume-1536x1243.jpg 1536w, https:\/\/www.helmikajaste.fi\/wp-content\/uploads\/2025\/05\/kultakuume-2048x1658.jpg 2048w\" sizes=\"auto, (max-width: 1024px) 100vw, 1024px\" \/><\/figure>\n\n\n\n<figure class=\"wp-block-image size-large\"><img loading=\"lazy\" decoding=\"async\" width=\"1024\" height=\"721\" data-id=\"208\" src=\"https:\/\/www.helmikajaste.fi\/wp-content\/uploads\/2025\/05\/uhri-1024x721.jpg\" alt=\"\" class=\"wp-image-208\" srcset=\"https:\/\/www.helmikajaste.fi\/wp-content\/uploads\/2025\/05\/uhri-1024x721.jpg 1024w, https:\/\/www.helmikajaste.fi\/wp-content\/uploads\/2025\/05\/uhri-300x211.jpg 300w, https:\/\/www.helmikajaste.fi\/wp-content\/uploads\/2025\/05\/uhri-768x541.jpg 768w, https:\/\/www.helmikajaste.fi\/wp-content\/uploads\/2025\/05\/uhri-1536x1081.jpg 1536w, https:\/\/www.helmikajaste.fi\/wp-content\/uploads\/2025\/05\/uhri-2048x1442.jpg 2048w\" sizes=\"auto, (max-width: 1024px) 100vw, 1024px\" \/><\/figure>\n<\/figure>\n\n\n\n<p class=\"has-medium-font-size\">Kirja \/ Book<br><em>Rakenna, k\u00e4rsi ja unhoita<\/em> (Kosmos, 2020)<br><\/p>\n\n\n\n<p class=\"has-large-font-size\"><strong>Julisteita \/ Posters<\/strong><\/p>\n\n\n\n<figure class=\"wp-block-image size-large\"><img loading=\"lazy\" decoding=\"async\" width=\"724\" height=\"1024\" src=\"https:\/\/www.helmikajaste.fi\/wp-content\/uploads\/2026\/02\/Tiloissa-elokuvissa_juliste-724x1024.jpg\" alt=\"\" class=\"wp-image-353\" srcset=\"https:\/\/www.helmikajaste.fi\/wp-content\/uploads\/2026\/02\/Tiloissa-elokuvissa_juliste-724x1024.jpg 724w, https:\/\/www.helmikajaste.fi\/wp-content\/uploads\/2026\/02\/Tiloissa-elokuvissa_juliste-212x300.jpg 212w, https:\/\/www.helmikajaste.fi\/wp-content\/uploads\/2026\/02\/Tiloissa-elokuvissa_juliste-768x1086.jpg 768w, https:\/\/www.helmikajaste.fi\/wp-content\/uploads\/2026\/02\/Tiloissa-elokuvissa_juliste-1086x1536.jpg 1086w, https:\/\/www.helmikajaste.fi\/wp-content\/uploads\/2026\/02\/Tiloissa-elokuvissa_juliste-1448x2048.jpg 1448w, https:\/\/www.helmikajaste.fi\/wp-content\/uploads\/2026\/02\/Tiloissa-elokuvissa_juliste-scaled.jpg 1810w\" sizes=\"auto, (max-width: 724px) 100vw, 724px\" \/><\/figure>\n\n\n\n<p><em>Tiloissa elokuvissa<\/em> -esityssarja \/ <em>Spaced in Cinema<\/em> series of film screenings (2025)<\/p>\n\n\n\n<figure class=\"wp-block-image size-large\"><img loading=\"lazy\" decoding=\"async\" width=\"1024\" height=\"371\" src=\"https:\/\/www.helmikajaste.fi\/wp-content\/uploads\/2025\/05\/tammikuu2013_uusi-kopio-1024x371.jpeg\" alt=\"\" class=\"wp-image-320\" srcset=\"https:\/\/www.helmikajaste.fi\/wp-content\/uploads\/2025\/05\/tammikuu2013_uusi-kopio-1024x371.jpeg 1024w, https:\/\/www.helmikajaste.fi\/wp-content\/uploads\/2025\/05\/tammikuu2013_uusi-kopio-300x109.jpeg 300w, https:\/\/www.helmikajaste.fi\/wp-content\/uploads\/2025\/05\/tammikuu2013_uusi-kopio-768x278.jpeg 768w, https:\/\/www.helmikajaste.fi\/wp-content\/uploads\/2025\/05\/tammikuu2013_uusi-kopio-1536x556.jpeg 1536w, https:\/\/www.helmikajaste.fi\/wp-content\/uploads\/2025\/05\/tammikuu2013_uusi-kopio-2048x741.jpeg 2048w\" sizes=\"auto, (max-width: 1024px) 100vw, 1024px\" \/><\/figure>\n\n\n\n<figure class=\"wp-block-image size-large\"><img loading=\"lazy\" decoding=\"async\" width=\"1024\" height=\"724\" src=\"https:\/\/www.helmikajaste.fi\/wp-content\/uploads\/2025\/05\/syyskuun_juliste-1-1024x724.jpg\" alt=\"\" class=\"wp-image-322\" srcset=\"https:\/\/www.helmikajaste.fi\/wp-content\/uploads\/2025\/05\/syyskuun_juliste-1-1024x724.jpg 1024w, https:\/\/www.helmikajaste.fi\/wp-content\/uploads\/2025\/05\/syyskuun_juliste-1-300x212.jpg 300w, https:\/\/www.helmikajaste.fi\/wp-content\/uploads\/2025\/05\/syyskuun_juliste-1-768x543.jpg 768w, https:\/\/www.helmikajaste.fi\/wp-content\/uploads\/2025\/05\/syyskuun_juliste-1-1536x1086.jpg 1536w, https:\/\/www.helmikajaste.fi\/wp-content\/uploads\/2025\/05\/syyskuun_juliste-1-2048x1448.jpg 2048w\" sizes=\"auto, (max-width: 1024px) 100vw, 1024px\" \/><\/figure>\n\n\n\n<p>Julisteita Elokuvakerho Montaasille \/ Posters for Montaasi film club (2013)<br><\/p>\n\n\n\n<p class=\"has-large-font-size\"><strong>Muuta \/ Other<\/strong><\/p>\n\n\n\n<figure class=\"wp-block-image size-large\"><img loading=\"lazy\" decoding=\"async\" width=\"1024\" height=\"731\" src=\"https:\/\/www.helmikajaste.fi\/wp-content\/uploads\/2025\/05\/pirukuiskii-1024x731.jpg\" alt=\"\" class=\"wp-image-326\" srcset=\"https:\/\/www.helmikajaste.fi\/wp-content\/uploads\/2025\/05\/pirukuiskii-1024x731.jpg 1024w, https:\/\/www.helmikajaste.fi\/wp-content\/uploads\/2025\/05\/pirukuiskii-300x214.jpg 300w, https:\/\/www.helmikajaste.fi\/wp-content\/uploads\/2025\/05\/pirukuiskii-768x548.jpg 768w, https:\/\/www.helmikajaste.fi\/wp-content\/uploads\/2025\/05\/pirukuiskii-1536x1096.jpg 1536w, https:\/\/www.helmikajaste.fi\/wp-content\/uploads\/2025\/05\/pirukuiskii-2048x1462.jpg 2048w\" sizes=\"auto, (max-width: 1024px) 100vw, 1024px\" \/><\/figure>\n\n\n\n<p><em>Piru kuiskii pusikossa<\/em> (2014)<\/p>\n\n\n\n<p><\/p>\n","protected":false},"excerpt":{"rendered":"<p>Kuvituksia \/ Illustrations V\u00e4it\u00f6skirja \/ Doctoral thesisYou see a lock anywhere? Elusive architectural boundaries of home detected through cinematic framings (2025) Essee Filmihullu-lehdess\u00e4 \/ Essay in Filmihullu magazineKaikkialle levi\u00e4v\u00e4t v\u00e4rit (12\/2024) Kirja \/ BookRakenna, k\u00e4rsi ja unhoita (Kosmos, 2020) Julisteita \/ Posters Tiloissa elokuvissa -esityssarja \/ Spaced in Cinema series of film screenings (2025) Julisteita [&hellip;]<\/p>\n","protected":false},"author":1,"featured_media":0,"parent":0,"menu_order":0,"comment_status":"closed","ping_status":"closed","template":"","meta":{"_themeisle_gutenberg_block_has_review":false,"footnotes":""},"class_list":["post-138","page","type-page","status-publish","hentry"],"_links":{"self":[{"href":"https:\/\/www.helmikajaste.fi\/index.php?rest_route=\/wp\/v2\/pages\/138","targetHints":{"allow":["GET"]}}],"collection":[{"href":"https:\/\/www.helmikajaste.fi\/index.php?rest_route=\/wp\/v2\/pages"}],"about":[{"href":"https:\/\/www.helmikajaste.fi\/index.php?rest_route=\/wp\/v2\/types\/page"}],"author":[{"embeddable":true,"href":"https:\/\/www.helmikajaste.fi\/index.php?rest_route=\/wp\/v2\/users\/1"}],"replies":[{"embeddable":true,"href":"https:\/\/www.helmikajaste.fi\/index.php?rest_route=%2Fwp%2Fv2%2Fcomments&post=138"}],"version-history":[{"count":16,"href":"https:\/\/www.helmikajaste.fi\/index.php?rest_route=\/wp\/v2\/pages\/138\/revisions"}],"predecessor-version":[{"id":364,"href":"https:\/\/www.helmikajaste.fi\/index.php?rest_route=\/wp\/v2\/pages\/138\/revisions\/364"}],"wp:attachment":[{"href":"https:\/\/www.helmikajaste.fi\/index.php?rest_route=%2Fwp%2Fv2%2Fmedia&parent=138"}],"curies":[{"name":"wp","href":"https:\/\/api.w.org\/{rel}","templated":true}]}}