{"id":250,"date":"2025-05-18T17:55:30","date_gmt":"2025-05-18T14:55:30","guid":{"rendered":"https:\/\/www.helmikajaste.fi\/?page_id=250"},"modified":"2026-02-03T08:28:12","modified_gmt":"2026-02-03T06:28:12","slug":"etusivu","status":"publish","type":"page","link":"https:\/\/www.helmikajaste.fi\/","title":{"rendered":"Etusivu"},"content":{"rendered":"\n<p>Helmi Kajaste on arkkitehti, taiteilija ja tutkija. Kajasteen monialainen ty\u00f6skentely tutkii h\u00e4mmennyst\u00e4 fyysisen ja aineettoman, todellisen ja kuvitellun v\u00e4lill\u00e4.<\/p>\n\n\n\n<p><em>Helmi Kajaste is an architect, artist and researcher. Kajaste\u2019s multidisciplinary practice explores the confusion between the physical and the ephemeral, between the real and the imagined.<\/em><\/p>\n\n\n\n<figure class=\"wp-block-image size-large\"><img loading=\"lazy\" decoding=\"async\" width=\"1024\" height=\"690\" src=\"https:\/\/www.helmikajaste.fi\/wp-content\/uploads\/2025\/05\/helmi_kajaste_Z6A9752-1536x1035-4-1024x690.jpg\" alt=\"\" class=\"wp-image-251\" srcset=\"https:\/\/www.helmikajaste.fi\/wp-content\/uploads\/2025\/05\/helmi_kajaste_Z6A9752-1536x1035-4-1024x690.jpg 1024w, https:\/\/www.helmikajaste.fi\/wp-content\/uploads\/2025\/05\/helmi_kajaste_Z6A9752-1536x1035-4-300x202.jpg 300w, https:\/\/www.helmikajaste.fi\/wp-content\/uploads\/2025\/05\/helmi_kajaste_Z6A9752-1536x1035-4-768x518.jpg 768w, https:\/\/www.helmikajaste.fi\/wp-content\/uploads\/2025\/05\/helmi_kajaste_Z6A9752-1536x1035-4.jpg 1536w\" sizes=\"auto, (max-width: 1024px) 100vw, 1024px\" \/><figcaption class=\"wp-element-caption\">Kuva: Anni Koponen<\/figcaption><\/figure>\n\n\n\n<p><strong>Ajankohtaista<\/strong><br>2.2.2026 V\u00e4litilat ja muutoskaudet Aki Kaurism\u00e4en elokuvissa <em>Mies vailla menneisyytt\u00e4<\/em> ja <em>Kuolleet lehdet<\/em><br><a href=\"https:\/\/aukiolla.fi\/valitilat-ja-muutoskaudet-aki-kaurismaen-elokuvissa-mies-vailla-menneisyytta-ja-kuolleet-lehdet\">https:\/\/aukiolla.fi\/valitilat-ja-muutoskaudet-aki-kaurismaen-elokuvissa-mies-vailla-menneisyytta-ja-kuolleet-lehdet<\/a><\/p>\n\n\n\n<p>Kes\u00e4 2025 <em>Tiloissa elokuvissa<\/em> -n\u00e4yt\u00f6ssarja Cinema Orionissa<\/p>\n\n\n\n<p>23.5.2025 V\u00e4it\u00f6s<br><a href=\"https:\/\/www.aalto.fi\/fi\/tapahtumat\/vaitos-arkkitehtuuri-maisema-ja-kaupunkitutkimuksen-alalta-arkkitehti-helmi-kajaste\">https:\/\/www.aalto.fi\/fi\/tapahtumat\/vaitos-arkkitehtuuri-maisema-ja-kaupunkitutkimuksen-alalta-arkkitehti-helmi-kajaste<\/a><\/p>\n\n\n\n<p><em><strong>News<\/strong><br><\/em>Summer 2025 <em>Spaced in Cinema<\/em> series of screenings at Cinema Orion<\/p>\n\n\n\n<p><em>23.5.2025 Doctoral defence<\/em><br><a href=\"https:\/\/www.aalto.fi\/en\/events\/public-defence-in-architecture-landscape-and-urbanism-architect-helmi-kajaste\">https:\/\/www.aalto.fi\/en\/events\/public-defence-in-architecture-landscape-and-urbanism-architect-helmi-kajaste<\/a><\/p>\n","protected":false},"excerpt":{"rendered":"<p>Helmi Kajaste on arkkitehti, taiteilija ja tutkija. Kajasteen monialainen ty\u00f6skentely tutkii h\u00e4mmennyst\u00e4 fyysisen ja aineettoman, todellisen ja kuvitellun v\u00e4lill\u00e4. Helmi Kajaste is an architect, artist and researcher. Kajaste\u2019s multidisciplinary practice explores the confusion between the physical and the ephemeral, between the real and the imagined. Ajankohtaista2.2.2026 V\u00e4litilat ja muutoskaudet Aki Kaurism\u00e4en elokuvissa Mies vailla menneisyytt\u00e4 [&hellip;]<\/p>\n","protected":false},"author":1,"featured_media":0,"parent":0,"menu_order":0,"comment_status":"closed","ping_status":"closed","template":"","meta":{"_themeisle_gutenberg_block_has_review":false,"footnotes":""},"class_list":["post-250","page","type-page","status-publish","hentry"],"_links":{"self":[{"href":"https:\/\/www.helmikajaste.fi\/index.php?rest_route=\/wp\/v2\/pages\/250","targetHints":{"allow":["GET"]}}],"collection":[{"href":"https:\/\/www.helmikajaste.fi\/index.php?rest_route=\/wp\/v2\/pages"}],"about":[{"href":"https:\/\/www.helmikajaste.fi\/index.php?rest_route=\/wp\/v2\/types\/page"}],"author":[{"embeddable":true,"href":"https:\/\/www.helmikajaste.fi\/index.php?rest_route=\/wp\/v2\/users\/1"}],"replies":[{"embeddable":true,"href":"https:\/\/www.helmikajaste.fi\/index.php?rest_route=%2Fwp%2Fv2%2Fcomments&post=250"}],"version-history":[{"count":4,"href":"https:\/\/www.helmikajaste.fi\/index.php?rest_route=\/wp\/v2\/pages\/250\/revisions"}],"predecessor-version":[{"id":351,"href":"https:\/\/www.helmikajaste.fi\/index.php?rest_route=\/wp\/v2\/pages\/250\/revisions\/351"}],"wp:attachment":[{"href":"https:\/\/www.helmikajaste.fi\/index.php?rest_route=%2Fwp%2Fv2%2Fmedia&parent=250"}],"curies":[{"name":"wp","href":"https:\/\/api.w.org\/{rel}","templated":true}]}}